{"id":16528,"date":"2022-10-13T13:47:51","date_gmt":"2022-10-13T13:47:51","guid":{"rendered":"http:\/\/internationalcarnavalcup.com\/mes-informacio-sobre-les-cookies\/"},"modified":"2022-10-13T13:47:51","modified_gmt":"2022-10-13T13:47:51","slug":"mes-informacio-sobre-les-cookies","status":"publish","type":"page","link":"http:\/\/internationalcarnavalcup.com\/ca\/mes-informacio-sobre-les-cookies\/","title":{"rendered":"M\u00e9s informaci\u00f3 sobre les cookies"},"content":{"rendered":"<div class=\"fusion-fullwidth fullwidth-box fusion-builder-row-1 nonhundred-percent-fullwidth non-hundred-percent-height-scrolling\" style=\"--awb-border-radius-top-left:0px;--awb-border-radius-top-right:0px;--awb-border-radius-bottom-right:0px;--awb-border-radius-bottom-left:0px;--awb-flex-wrap:wrap;\" ><div class=\"fusion-builder-row fusion-row\"><div class=\"fusion-layout-column fusion_builder_column fusion-builder-column-0 fusion_builder_column_1_1 1_1 fusion-one-full fusion-column-first fusion-column-last\" style=\"--awb-bg-size:cover;--awb-margin-bottom:0px;\"><div class=\"fusion-column-wrapper fusion-flex-column-wrapper-legacy\"><div class=\"fusion-text fusion-text-1\"><h2>Qu\u00e8 \u00e9s una\u00a0<em>cookie<\/em>?<\/h2>\n<p>Una\u00a0<em>cookie<\/em>\u00a0\u00e9s un fitxer de text inofensiu que s&#8217;emmagatzema en el seu navegador quan visita gaireb\u00e9 qualsevol p\u00e0gina web. La utilitat de la\u00a0<em>cookie<\/em>\u00a0\u00e9s que la web sigui capa\u00e7 de recordar la seva visita quan torni a navegar per aquesta p\u00e0gina. Encara que molta gent no ho sap les\u00a0<em>cookies<\/em>\u00a0es porten utilitzant des de fa 20 anys, quan van apar\u00e8ixer els primers navegadors per la\u00a0World\u00a0Wide\u00a0Web.<\/p>\n<h2>Qu\u00e8 NO \u00c9S una\u00a0<em>cookie<\/em>?<\/h2>\n<p>No \u00e9s un virus, ni un\u00a0troyano, ni un cuc, ni\u00a0spam, ni\u00a0spyware, ni obre finestres pop-up.<\/p>\n<h2>Quina informaci\u00f3 emmagatzema una\u00a0<em>cookie<\/em>?<\/h2>\n<p>Les\u00a0<em>cookies\u00a0<\/em>no solen emmagatzemar informaci\u00f3 sensible sobre vost\u00e8, com a targetes de cr\u00e8dit o dades banc\u00e0ries, fotografies, el seu DNI o informaci\u00f3 personal, etc. Les dades que guarden s\u00f3n de car\u00e0cter t\u00e8cnic, prefer\u00e8ncies personals, personalitzaci\u00f3 de continguts, etc.<\/p>\n<p>El servidor web no li associa a vost\u00e8 com a persona si no al seu navegador web. De fet, si vost\u00e8 navega habitualment amb Internet Explorer i prova a navegar per la mateixa web amb Firefox o\u00a0Chrome\u00a0veur\u00e0 que la web no s&#8217;adona que \u00e9s vost\u00e8 la mateixa persona perqu\u00e8 en realitat est\u00e0 associant al navegador, no a la persona.<\/p>\n<h2>Quin tipus de\u00a0<em>cookies<\/em>\u00a0existeixen?<\/h2>\n<ul>\n<li><em>Cookies<\/em>\u00a0t\u00e8cniques: S\u00f3n les m\u00e9s elementals i permeten, entre altres coses, saber quan est\u00e0 navegant un hum\u00e0 o una aplicaci\u00f3 automatitzada, quan navega un usuari an\u00f2nim i un registrat, tasques b\u00e0siques per al funcionament de qualsevol web din\u00e0mica.<\/li>\n<li><em>Cookies<\/em>\u00a0d&#8217;an\u00e0lisi: Recullen informaci\u00f3 sobre el tipus de navegaci\u00f3 que est\u00e0 realitzant, les seccions que m\u00e9s utilitza, productes consultats, franja hor\u00e0ria d&#8217;\u00fas, idioma, etc.<\/li>\n<li>Cookies\u00a0publicit\u00e0ries: Mostren publicitat en funci\u00f3 de la seva navegaci\u00f3, el seu pa\u00eds de proced\u00e8ncia, idioma, etc.<\/li>\n<\/ul>\n<h2>Qu\u00e8 s\u00f3n les\u00a0<em>cookies<\/em>\u00a0pr\u00f2pies i les de tercers?<\/h2>\n<p>Les\u00a0<em>cookies\u00a0<\/em>pr\u00f2pies s\u00f3n les generades per la p\u00e0gina que est\u00e0 visitant i les de tercers s\u00f3n les generades per serveis o prove\u00efdors externs com Facebook, Twitter, Google, etc.<\/p>\n<h2>Qu\u00e8 ocorre si desactivo les\u00a0<em>cookies<\/em>?<\/h2>\n<p>Perqu\u00e8 entengui l&#8217;abast que pot tenir desactivar les\u00a0<em>cookies<\/em>\u00a0li vam mostrar uns exemples:<\/p>\n<ul>\n<li>No podr\u00e0 compartir continguts d&#8217;aquesta web en Facebook, Twitter o qualsevol altra xarxa social.<\/li>\n<li>El lloc web no podr\u00e0 adaptar els continguts a les seves prefer\u00e8ncies personals, com sol oc\u00f3rrer en les tendes online.<\/li>\n<li>No podr\u00e0 accedir a l&#8217;\u00e0rea personal d&#8217;aquesta web, com per exemple El meu compte, o El meu perfil o Les meves comandes.<\/li>\n<li>Tendes online: Li ser\u00e0 impossible realitzar compres online, hauran de ser telef\u00f2niques o visitant la tenda f\u00edsica si \u00e9s que disposa d&#8217;ella.<\/li>\n<li>No ser\u00e0 possible personalitzar les seves prefer\u00e8ncies geogr\u00e0fiques com a franja hor\u00e0ria, divisa o idioma.<\/li>\n<li>El lloc web no podr\u00e0 realitzar anal\u00edtiques web sobre visitants i tr\u00e0fic a la web, la qual cosa dificultar\u00e0 que la web sigui competitiva.<\/li>\n<li>No podr\u00e0 escriure en el blog, no podr\u00e0 pujar fotos, publicar comentaris, valorar o puntuar continguts. La web tampoc podr\u00e0 saber si vost\u00e8 \u00e9s un hum\u00e0 o una aplicaci\u00f3 automatitzada que publica\u00a0spam.<\/li>\n<li>No es podr\u00e0 mostrar publicitat\u00a0sectorizada, la qual cosa reduir\u00e0 els ingressos publicitaris de la web.<\/li>\n<li><span style=\"line-height: 1.5;\">Totes les xarxes socials usen\u00a0<em>cookies<\/em>, si les desactiva no podr\u00e0 utilitzar cap xarxa social.<\/span><\/li>\n<\/ul>\n<h2>Es poden eliminar les\u00a0<em>cookies<\/em>?<\/h2>\n<p>S\u00ed. No nom\u00e9s eliminar, tamb\u00e9 bloquejar, de forma general o particular per a un domini espec\u00edfic.<\/p>\n<p>Per eliminar les\u00a0<em>cookies<\/em>\u00a0d&#8217;un lloc web ha d&#8217;anar a la configuraci\u00f3 del seu navegador i all\u00ed podr\u00e0 buscar les associades al domini en q\u00fcesti\u00f3 i procedir a la seva eliminaci\u00f3.<\/p>\n<p>Configuraci\u00f3 de\u00a0<em>cookies\u00a0<\/em>per als navegadors m\u00e9s\u00a0polulares<\/p>\n<p>A continuaci\u00f3 li indiquem com accedir a una\u00a0<em>cookie<\/em>\u00a0determinada del navegador\u00a0Chrome. Nota: aquests passos poden variar en funci\u00f3 de la versi\u00f3 del navegador:<\/p>\n<ol>\n<li>Vagi a Configuraci\u00f3 o Prefer\u00e8ncies mitjan\u00e7ant el men\u00fa Arxivo o ben punxant la icona de personalitzaci\u00f3 que apareix a dalt a la dreta.<\/li>\n<li>Veur\u00e0 diferents seccions, punxi l&#8217;opci\u00f3 Mostrar opcions avan\u00e7ades.<\/li>\n<li>Vagi a Privadesa, Configuraci\u00f3 de contingut.<\/li>\n<li>Seleccioni Totes les\u00a0<em>cookies<\/em>\u00a0i les dades de llocs.<\/li>\n<li>Apareixer\u00e0 un llistat amb totes les\u00a0cookiesordenades per domini. Perqu\u00e8 li sigui m\u00e9s f\u00e0cil trobar les\u00a0cookies\u00a0d&#8217;un determinat domini introdueixi parcial o totalment l&#8217;adre\u00e7a en el camp Buscar\u00a0cookies.<\/li>\n<li>Despr\u00e9s de realitzar aquest filtre apareixeran en pantalla una o diverses l\u00ednies amb les\u00a0<em>cookies<\/em>\u00a0de la web sol\u00b7licitada. Ara nom\u00e9s ha de seleccionar-la i pr\u00e9mer la X per procedir a la seva eliminaci\u00f3.<\/li>\n<\/ol>\n<p>Per accedir a la configuraci\u00f3 de\u00a0<em>cookies<\/em>\u00a0del navegador Internet Explorer segueixi aquests passos (poden variar en funci\u00f3 de la versi\u00f3 del navegador):<\/p>\n<ol>\n<li>Vagi a Eines, Opcions d&#8217;Internet<\/li>\n<li>Faci clic en Privadesa.<\/li>\n<li>Mogui el\u00a0deslizador\u00a0fins a ajustar el nivell de privadesa que desitgi.<\/li>\n<\/ol>\n<p>Per accedir a la configuraci\u00f3 de\u00a0<em>cookies<\/em>\u00a0del navegador Firefox segueixi aquests passos (poden variar en funci\u00f3 de la versi\u00f3 del navegador):<\/p>\n<ol>\n<li>Vagi a Opcions o Prefer\u00e8ncies segons el seu sistema operatiu.<\/li>\n<li>Faci clic en Privadesa.<\/li>\n<li>En Historial tri\u00ef Usar una configuraci\u00f3 personalitzada per a l&#8217;historial.<\/li>\n<li>Ara veur\u00e0 l&#8217;opci\u00f3 Acceptar\u00a0<em>cookies<\/em>, pot activar-la o desactivar-la segons les seves prefer\u00e8ncies.<\/li>\n<\/ol>\n<p>Per accedir a la configuraci\u00f3 de\u00a0<em>cookies\u00a0<\/em>del navegador Safari per\u00a0OSX\u00a0segueixi aquests passos (poden variar en funci\u00f3 de la versi\u00f3 del navegador):<\/p>\n<ol>\n<li>Vagi a Prefer\u00e8ncies, despr\u00e9s Privadesa.<\/li>\n<li>En aquest lloc veur\u00e0 l&#8217;opci\u00f3 Bloquejar\u00a0<em>cookies<\/em> perqu\u00e8 ajusti el tipus de bloqueig que desitja realitzar.<\/li>\n<\/ol>\n<p>Per accedir a la configuraci\u00f3 de\u00a0<em>cookies<\/em>\u00a0del navegador Safari per\u00a0iOS\u00a0segueixi aquests passos (poden variar en funci\u00f3 de la versi\u00f3 del navegador):<\/p>\n<ol>\n<li>Vagi a Ajustos, despr\u00e9s Safari.<\/li>\n<li><span style=\"line-height: 1.5;\">Vagi a Privadesa i Seguretat, veur\u00e0 l&#8217;opci\u00f3 Bloquejar\u00a0cookies\u00a0perqu\u00e8 ajusti el tipus de bloqueig que desitja realitzar.<\/span><\/li>\n<\/ol>\n<p>Per accedir a la configuraci\u00f3 de\u00a0<em>cookies<\/em>\u00a0del navegador per a dispositius\u00a0Android\u00a0segueixi aquests passos (poden variar en funci\u00f3 de la versi\u00f3 del navegador):<\/p>\n<ol>\n<li>Executi el navegador i premi la tecla Men\u00fa, despr\u00e9s Ajustos.<\/li>\n<li>Vagi a Seguretat i Privadesa, veur\u00e0 l&#8217;opci\u00f3 Acceptar\u00a0<em>cookies<\/em>\u00a0perqu\u00e8 activi o desactivi la casella.<\/li>\n<\/ol>\n<p>Per accedir a la configuraci\u00f3 de\u00a0<em>cookies<\/em>\u00a0del navegador per a dispositius Windows\u00a0Phone segueixi aquests passos (poden variar en funci\u00f3 de la versi\u00f3 del navegador):<\/p>\n<ol>\n<li>Obri Internet Explorer, despr\u00e9s M\u00e9s, despr\u00e9s Configuraci\u00f3<\/li>\n<li>Ara pot activar o desactivar la casella Permetre\u00a0cookies.<\/li>\n<\/ol>\n<\/div><div class=\"fusion-clearfix\"><\/div><\/div><\/div><\/div><\/div>\n","protected":false},"excerpt":{"rendered":"","protected":false},"author":3,"featured_media":0,"parent":0,"menu_order":0,"comment_status":"closed","ping_status":"closed","template":"","meta":{"footnotes":""},"class_list":["post-16528","page","type-page","status-publish","hentry"],"_links":{"self":[{"href":"http:\/\/internationalcarnavalcup.com\/ca\/wp-json\/wp\/v2\/pages\/16528","targetHints":{"allow":["GET"]}}],"collection":[{"href":"http:\/\/internationalcarnavalcup.com\/ca\/wp-json\/wp\/v2\/pages"}],"about":[{"href":"http:\/\/internationalcarnavalcup.com\/ca\/wp-json\/wp\/v2\/types\/page"}],"author":[{"embeddable":true,"href":"http:\/\/internationalcarnavalcup.com\/ca\/wp-json\/wp\/v2\/users\/3"}],"replies":[{"embeddable":true,"href":"http:\/\/internationalcarnavalcup.com\/ca\/wp-json\/wp\/v2\/comments?post=16528"}],"version-history":[{"count":1,"href":"http:\/\/internationalcarnavalcup.com\/ca\/wp-json\/wp\/v2\/pages\/16528\/revisions"}],"predecessor-version":[{"id":16529,"href":"http:\/\/internationalcarnavalcup.com\/ca\/wp-json\/wp\/v2\/pages\/16528\/revisions\/16529"}],"wp:attachment":[{"href":"http:\/\/internationalcarnavalcup.com\/ca\/wp-json\/wp\/v2\/media?parent=16528"}],"curies":[{"name":"wp","href":"https:\/\/api.w.org\/{rel}","templated":true}]}}