{"id":16536,"date":"2022-10-13T13:50:31","date_gmt":"2022-10-13T13:50:31","guid":{"rendered":"http:\/\/internationalcarnavalcup.com\/opinions\/"},"modified":"2022-10-20T15:35:17","modified_gmt":"2022-10-20T15:35:17","slug":"opinions","status":"publish","type":"page","link":"http:\/\/internationalcarnavalcup.com\/ca\/opinions\/","title":{"rendered":"Opinions"},"content":{"rendered":"<p><div class=\"fusion-fullwidth fullwidth-box fusion-builder-row-1 fusion-flex-container has-pattern-background has-mask-background fusion-parallax-none nonhundred-percent-fullwidth non-hundred-percent-height-scrolling\" style=\"--awb-border-radius-top-left:0px;--awb-border-radius-top-right:0px;--awb-border-radius-bottom-right:0px;--awb-border-radius-bottom-left:0px;--awb-padding-top:25%;--awb-padding-top-medium:25%;--awb-padding-top-small:25%;--awb-background-image:url(&quot;http:\/\/internationalcarnavalcup.com\/wp-content\/uploads\/2022\/09\/opiniones-4.jpg&quot;);--awb-background-size:cover;--awb-flex-wrap:wrap;\" data-preload-img=\"http:\/\/internationalcarnavalcup.com\/wp-content\/uploads\/2022\/09\/opiniones-4.jpg\" ><div class=\"fusion-builder-row fusion-row fusion-flex-align-items-stretch fusion-flex-content-wrap\" style=\"max-width:1216.8px;margin-left: calc(-4% \/ 2 );margin-right: calc(-4% \/ 2 );\"><div class=\"fusion-layout-column fusion_builder_column fusion-builder-column-0 fusion_builder_column_1_1 1_1 fusion-flex-column fusion-flex-align-self-flex-start fusion-column-no-min-height\" style=\"--awb-bg-size:cover;--awb-width-large:100%;--awb-margin-top-large:10px;--awb-spacing-right-large:1.92%;--awb-margin-bottom-large:-5px;--awb-spacing-left-large:1.92%;--awb-width-medium:100%;--awb-order-medium:0;--awb-spacing-right-medium:1.92%;--awb-spacing-left-medium:1.92%;--awb-width-small:100%;--awb-order-small:0;--awb-spacing-right-small:1.92%;--awb-spacing-left-small:1.92%;\"><div class=\"fusion-column-wrapper fusion-column-has-shadow fusion-flex-justify-content-flex-start fusion-content-layout-column\"><div class=\"fusion-section-separator section-separator hills-opacity fusion-section-separator-1\" style=\"--awb-spacer-padding-top:17.7734375%;--awb-svg-margin-left:1.92%;--awb-svg-margin-right:1.92%;--awb-svg-margin-left-medium:1.92%;--awb-svg-margin-right-medium:1.92%;--awb-svg-margin-left-small:1.92%;--awb-svg-margin-right-small:1.92%;--awb-sep-font-size:0;--awb-sep-line-height:0;\"><div class=\"fusion-section-separator-svg\"><svg class=\"fusion-hills-opacity-candy\" xmlns=\"http:\/\/www.w3.org\/2000\/svg\" version=\"1.1\" width=\"100%\" viewBox=\"0 -0.5 1024 182\" preserveAspectRatio=\"none\" fill=\"rgba(255,255,255,1)\"><path class=\"st0\" d=\"M0 182.086h1024V41.593c-28.058-21.504-60.109-37.581-97.075-37.581-112.845 0-198.144 93.798-289.792 93.798S437.658 6.777 351.846 6.777s-142.234 82.125-238.49 82.125c-63.078 0-75.776-31.744-113.357-53.658L0 182.086z\"\/>\n\t\t\t\t\t\t\t\t\t<path class=\"st1\" d=\"M1024 181.062v-75.878c-39.731 15.872-80.794 27.341-117.658 25.805-110.387-4.506-191.795-109.773-325.53-116.224-109.158-5.12-344.166 120.115-429.466 166.298H1024v-.001z\"\/>\n\t\t\t\t\t\t\t\t\t<path class=\"st2\" d=\"M0 182.086h1024V90.028C966.451 59.103 907.059 16.3 824.115 15.071 690.278 13.023 665.19 102.93 482.099 102.93S202.138-1.62 74.24.019C46.49.326 21.811 4.217 0 9.849v172.237z\"\/>\n\t\t\t\t\t\t\t\t\t<path class=\"st3\" d=\"M0 182.086h1024V80.505c-37.171 19.558-80.691 35.328-139.571 36.25-151.142 2.355-141.619-28.57-298.496-29.184s-138.854 47.002-305.459 43.725C132.813 128.428 91.238 44.563 0 28.179v153.907z\"\/>\n\t\t\t\t\t\t\t\t\t<path class=\"st4\" d=\"M0 182.086h1024v-77.312c-49.05 20.07-120.525 42.394-193.229 42.086-128.922-.512-159.846-72.294-255.795-72.294-89.088 0-134.656 80.179-245.043 82.022S169.063 99.346 49.971 97.401C32.768 97.094 16.077 99.244 0 103.135v78.951z\"\/>\n\t\t\t\t\t\t\t\t<\/svg><\/div><div class=\"fusion-section-separator-spacer\"><div class=\"fusion-section-separator-spacer-height\"><\/div><\/div><\/div><\/div><\/div><\/div><\/div><div class=\"fusion-fullwidth fullwidth-box fusion-builder-row-2 nonhundred-percent-fullwidth non-hundred-percent-height-scrolling\" style=\"--awb-border-radius-top-left:0px;--awb-border-radius-top-right:0px;--awb-border-radius-bottom-right:0px;--awb-border-radius-bottom-left:0px;--awb-flex-wrap:wrap;\" ><div class=\"fusion-builder-row fusion-row\"><div class=\"fusion-layout-column fusion_builder_column fusion-builder-column-1 fusion_builder_column_1_1 1_1 fusion-one-full fusion-column-first fusion-column-last fusion-column-no-min-height\" style=\"--awb-bg-size:cover;--awb-margin-bottom:0px;\"><div class=\"fusion-column-wrapper fusion-flex-column-wrapper-legacy\"><div class=\"fusion-sep-clear\"><\/div><div class=\"fusion-separator fusion-full-width-sep\" style=\"margin-left: auto;margin-right: auto;margin-top:20px;margin-bottom:30px;width:100%;\"><\/div><div class=\"fusion-sep-clear\"><\/div><div class=\"fusion-clearfix\"><\/div><\/div><\/div><div class=\"fusion-layout-column fusion_builder_column fusion-builder-column-2 fusion_builder_column_1_1 1_1 fusion-one-full fusion-column-first fusion-column-last\" style=\"--awb-bg-size:cover;--awb-margin-bottom:50px;\"><div class=\"fusion-column-wrapper fusion-column-has-shadow fusion-flex-column-wrapper-legacy\"><div class=\"fusion-testimonials classic awb-speech-bubble-show fusion-testimonials-1\" style=\"--awb-textcolor:#747474;--awb-backgroundcolor:#f6f6f6;--awb-testimonial-border-style:solid;--awb-testimonial-border-color:var(--awb-color3);--awb-border-top-left-radius:0px;--awb-border-top-right-radius:0px;--awb-border-bottom-left-radius:0px;--awb-border-bottom-right-radius:0px;--testimonial-border-width-top:0px;--testimonial-border-width-right:0px;--testimonial-border-width-bottom:0px;--testimonial-border-width-left:0px;\" data-random=\"0\" data-speed=\"4000\"><div class=\"reviews\"><div class=\"review active-testimonial no-avatar\"><blockquote><div class=\"awb-quote\"><div class=\"awb-quote-content\">\nUna vegada finalitza la temporada i comences a repassar moments que han estat importants en el creixement de l&#8217;equip, sens dubte que el torneig International Carnaval Cup t\u00e9 molta pres\u00e8ncia. Vam poder gaudir d&#8217;un cap de setmana exigent pel nivell dels equips participants, amb partits de molta qualitat, la pres\u00e8ncia de jugadors fant\u00e0stics, i un tracte molt bo per part de l&#8217;organitzaci\u00f3. El fet de jugar tants partits seguits, contra aquest tipus de rivals, ens va permetre cr\u00e9ixer com a grup, ja que vam tenir moments complicats dels quals ens hav\u00edem de refer r\u00e0pidament, i els nois van saber sobreposar-se a aquestes situacions adverses per poder acabar disputant una semifinal molt disputada davant l&#8217;Argentona, i posteriorment la final del torneig davant el Saragossa, amb la recompensa per a tot l&#8217;equip de poder-la guanyar fent un molt bon partit. Guardem un gran record de la nostra participaci\u00f3!<\/div><\/div><span class=\"awb-triangle\"><\/span><\/blockquote><div class=\"author\"><span class=\"company-name\"><strong>Sergi Mil\u00e0 - Entrenador FC Barcelona<\/strong><\/span><\/div><\/div><div class=\"review no-avatar\"><blockquote><div class=\"awb-quote\"><div class=\"awb-quote-content\">\nAgrair l&#8217;atenci\u00f3 personal que vam rebre en tot moment, molt pendents de nosaltres. A nivell esportiu, qu\u00e8 dir\u2026 un esdeveniment que els jugadors no oblidedaran a la seva vida, gr\u00e0cies de deb\u00f2.<\/div><\/div><span class=\"awb-triangle\"><\/span><\/blockquote><div class=\"author\"><span class=\"company-name\"><strong>Fernando Ram\u00edrez - Entrenador Castell\u00f3n CD<\/strong><\/span><\/div><\/div><div class=\"review no-avatar\"><blockquote><div class=\"awb-quote\"><div class=\"awb-quote-content\">\nEl torneig \u00e9s un torneig de nivell per poder obtenir molt bones conclusions sobre el nivell dels jugadors infantils de primer any, ja que en aquest torneig s&#8217;enfronten grans escoles dels equips de 1\u00ba Divisi\u00f3. Torneig curt, molt competitiu i molt ric en experi\u00e8ncies.<\/div><\/div><span class=\"awb-triangle\"><\/span><\/blockquote><div class=\"author\"><span class=\"company-name\"><strong>Mario Fern\u00e1ndez - Entrenador Valencia CF<\/strong><\/span><\/div><\/div><div class=\"review no-avatar\"><blockquote><div class=\"awb-quote\"><div class=\"awb-quote-content\">\n<p>Des del Reial Madrid agrair el tracte rebut en el torneig per part de l&#8217;organitzaci\u00f3 i felicitar-los pel gran nivell esportiu.<\/p>\n<\/div><\/div><span class=\"awb-triangle\"><\/span><\/blockquote><div class=\"author\"><span class=\"company-name\"><strong>Carlos G\u00f3mez - Delegat Real Madrid<\/strong><\/span><\/div><\/div><div class=\"review no-avatar\"><blockquote><div class=\"awb-quote\"><div class=\"awb-quote-content\">\nCom exjugador, porter iniciat al futbol base i com a director de l&#8217;hotel Ibis Matar\u00f3, \u00e9s un plaer col\u00b7laborar amb el torneig de futbol base. M&#8217;agradaria donar les gr\u00e0cies a totes aquelles persones que es desviuen per una organitzaci\u00f3 perfecta.<\/div><\/div><span class=\"awb-triangle\"><\/span><\/blockquote><div class=\"author\"><span class=\"company-name\"><strong>Carles Montserrat - Director Hotel Ibis Matar\u00f3<\/strong><\/span><\/div><\/div><div class=\"review no-avatar\"><blockquote><div class=\"awb-quote\"><div class=\"awb-quote-content\">\nViatj\u00e0vem amb moltes ganes de jugar un torneig nou pel Reial Saragossa, per\u00f2 despr\u00e9s del mateix, durant el viatge de tornada i parlant amb els nois, l&#8217;experi\u00e8ncia per a ells va ser molt beneficiosa per a la seva formaci\u00f3, tant humana, com a esportiva. L&#8217;organitzaci\u00f3 i el nivell dels equips en el torneig van superar les nostres expectatives amb escreix. A aix\u00f2, unit al subcampionat aconseguit, ens fa tornar a Saragossa molt contents amb l&#8217;evoluci\u00f3 en la formaci\u00f3 dels nostres jugadors.<\/div><\/div><span class=\"awb-triangle\"><\/span><\/blockquote><div class=\"author\"><span class=\"company-name\"><strong>Iv\u00e1n Mart\u00ednez - Entrenador Real Zaragoza<\/strong><\/span><\/div><\/div><\/div><div class=\"testimonial-pagination\" id=\"fusion-testimonials-1\"><a href=\"#\" aria-label=\"Testimonial Pagination\"  class=\"activeSlide\"><\/a><a href=\"#\" aria-label=\"Testimonial Pagination\" ><\/a><a href=\"#\" aria-label=\"Testimonial Pagination\" ><\/a><a href=\"#\" aria-label=\"Testimonial Pagination\" ><\/a><a href=\"#\" aria-label=\"Testimonial Pagination\" ><\/a><a href=\"#\" aria-label=\"Testimonial Pagination\" ><\/a><\/div><\/div><div class=\"fusion-clearfix\"><\/div><\/div><\/div><\/div><\/div><\/p>\n","protected":false},"excerpt":{"rendered":"","protected":false},"author":3,"featured_media":0,"parent":0,"menu_order":0,"comment_status":"open","ping_status":"open","template":"100-width.php","meta":{"footnotes":""},"class_list":["post-16536","page","type-page","status-publish","hentry"],"_links":{"self":[{"href":"http:\/\/internationalcarnavalcup.com\/ca\/wp-json\/wp\/v2\/pages\/16536","targetHints":{"allow":["GET"]}}],"collection":[{"href":"http:\/\/internationalcarnavalcup.com\/ca\/wp-json\/wp\/v2\/pages"}],"about":[{"href":"http:\/\/internationalcarnavalcup.com\/ca\/wp-json\/wp\/v2\/types\/page"}],"author":[{"embeddable":true,"href":"http:\/\/internationalcarnavalcup.com\/ca\/wp-json\/wp\/v2\/users\/3"}],"replies":[{"embeddable":true,"href":"http:\/\/internationalcarnavalcup.com\/ca\/wp-json\/wp\/v2\/comments?post=16536"}],"version-history":[{"count":2,"href":"http:\/\/internationalcarnavalcup.com\/ca\/wp-json\/wp\/v2\/pages\/16536\/revisions"}],"predecessor-version":[{"id":16828,"href":"http:\/\/internationalcarnavalcup.com\/ca\/wp-json\/wp\/v2\/pages\/16536\/revisions\/16828"}],"wp:attachment":[{"href":"http:\/\/internationalcarnavalcup.com\/ca\/wp-json\/wp\/v2\/media?parent=16536"}],"curies":[{"name":"wp","href":"https:\/\/api.w.org\/{rel}","templated":true}]}}