{"id":16545,"date":"2022-10-14T07:29:58","date_gmt":"2022-10-14T07:29:58","guid":{"rendered":"http:\/\/internationalcarnavalcup.com\/politica-de-cookies\/"},"modified":"2022-10-14T07:32:44","modified_gmt":"2022-10-14T07:32:44","slug":"politica-de-cookies","status":"publish","type":"page","link":"http:\/\/internationalcarnavalcup.com\/ca\/politica-de-cookies\/","title":{"rendered":"Pol\u00edtica de cookies"},"content":{"rendered":"<div class=\"fusion-fullwidth fullwidth-box fusion-builder-row-1 nonhundred-percent-fullwidth non-hundred-percent-height-scrolling\" style=\"--awb-border-radius-top-left:0px;--awb-border-radius-top-right:0px;--awb-border-radius-bottom-right:0px;--awb-border-radius-bottom-left:0px;--awb-flex-wrap:wrap;\" ><div class=\"fusion-builder-row fusion-row\"><div class=\"fusion-layout-column fusion_builder_column fusion-builder-column-0 fusion_builder_column_1_1 1_1 fusion-one-full fusion-column-first fusion-column-last\" style=\"--awb-bg-size:cover;--awb-margin-bottom:0px;\"><div class=\"fusion-column-wrapper fusion-flex-column-wrapper-legacy\"><div class=\"fusion-text fusion-text-1\"><h1>Pol\u00edtica de\u00a0cookies<\/h1>\n<p>Una\u00a0<em>cookie<\/em>\u00a0\u00e9s un petit fitxer de text que s&#8217;emmagatzema en el seu navegador quan visita gaireb\u00e9 qualsevol p\u00e0gina web. La seva utilitat \u00e9s que la web sigui capa\u00e7 de recordar la seva visita quan torni a navegar per aquesta p\u00e0gina. Les\u00a0cookies\u00a0solen emmagatzemar informaci\u00f3 de car\u00e0cter t\u00e8cnic, prefer\u00e8ncies personals, personalitzaci\u00f3 de continguts, estad\u00edstiques d&#8217;\u00fas, enlla\u00e7os a xarxes socials, acc\u00e9s a comptes d&#8217;usuari, etc. L&#8217;objectiu de la\u00a0<em>cookie<\/em>\u00a0\u00e9s adaptar el contingut de la web al seu perfil i necessitats, sense\u00a0cookies\u00a0els serveis oferts per qualsevol p\u00e0gina es veurien minvats notablement. Si desitja consultar m\u00e9s informaci\u00f3 sobre qu\u00e8 s\u00f3n les\u00a0cookies, qu\u00e8 emmagatzemen, com eliminar-les, desactivar-les, etc., <a href=\"http:\/\/internationalcarnavalcup.com\/mes-informacio-sobre-les-cookies\/?lang=ca\" target=\"_blank\" rel=\"noopener\">li preguem es dirigeixi a aquest enlla\u00e7<\/a>.<\/p>\n<h2>Cookies\u00a0utilitzades en aquest lloc web<\/h2>\n<p>Seguint les directrius de l&#8217;Ag\u00e8ncia Espanyola de Protecci\u00f3 de Dades procedim a detallar l&#8217;\u00fas de\u00a0cookies\u00a0que fa aquesta web amb la finalitat d&#8217;informar-li amb la m\u00e0xima exactitud possible.<\/p>\n<p>Aquest lloc web utilitza les seg\u00fcents\u00a0<strong><em>cookies<\/em> pr\u00f2pies<\/strong>:<\/p>\n<ul>\n<li><em>Cookies\u00a0<\/em>de sessi\u00f3, per garantir que els usuaris que escriguin comentaris en el blog siguin humans i no aplicacions automatitzades. D&#8217;aquesta forma es combat el\u00a0spam.<\/li>\n<\/ul>\n<p>Aquest lloc web utilitza les seg\u00fcents\u00a0<strong><em>cookies<\/em>\u00a0de tercers<\/strong>:<\/p>\n<ul>\n<li>Google\u00a0Analytics: Emmagatzema\u00a0<em>cookies<\/em>\u00a0per poder elaborar estad\u00edstiques sobre el tr\u00e0fic i volum de visites d&#8217;aquesta web. En utilitzar aquest lloc web est\u00e0 consentint el tractament d&#8217;informaci\u00f3 sobre vost\u00e8 per Google. Per tant, l&#8217;exercici de qualsevol dret en aquest sentit haur\u00e0 de fer-ho comunicant directament amb Google.<\/li>\n<li>Xarxes socials: Cada xarxa social utilitza les seves pr\u00f2pies\u00a0<em>cookies<\/em>\u00a0perqu\u00e8 vost\u00e8 pugui punxar en botons del tipus <em>M&#8217;agrada<\/em> o <em>Compartir<\/em>.<\/li>\n<\/ul>\n<h2>Desactivaci\u00f3 o eliminaci\u00f3 de\u00a0cookies<\/h2>\n<p>A qualsevol moment podr\u00e0 exercir el seu dret de desactivaci\u00f3 o eliminaci\u00f3 de\u00a0<em>cookies<\/em> d&#8217;aquest lloc web. Aquestes accions es realitzen de forma diferent en funci\u00f3 del navegador que estigui usant. Aqu\u00ed li deixem una <a href=\"http:\/\/internationalcarnavalcup.com\/mas-informacion-sobre-las-cookies\/\" target=\"_blank\" rel=\"noopener\">guia r\u00e0pida per als navegadors m\u00e9s populars<\/a>.<\/p>\n<h2>Notes addicionals<\/h2>\n<ul>\n<li>Ni aquesta web ni els seus representants legals es fan responsables ni del contingut ni de la veracitat de les pol\u00edtiques de privadesa que puguin tenir els tercers esmentats en aquesta pol\u00edtica de\u00a0<em>cookies<\/em>.<\/li>\n<li>Els navegadors web s\u00f3n les eines encarregades d&#8217;emmagatzemar les\u00a0<em>cookies<\/em>\u00a0i des d&#8217;aquest lloc ha d&#8217;efectuar el seu dret a eliminaci\u00f3 o desactivaci\u00f3 de les mateixes. Ni aquesta web ni els seus representants legals poden garantir la correcta o incorrecta manipulaci\u00f3 de les\u00a0<em>cookies<\/em>\u00a0per part dels esmentats navegadors.<\/li>\n<li>En alguns casos \u00e9s necessari instal\u00b7lar\u00a0<em>cookies<\/em> perqu\u00e8 el navegador no oblidi la seva decisi\u00f3 de no acceptaci\u00f3 de les mateixes.<\/li>\n<li>En el cas de les\u00a0<em>cookies\u00a0<\/em>de Google\u00a0Analytics, aquesta empresa emmagatzema les\u00a0<em>cookies<\/em>\u00a0en servidors situats a Estats Units i es compromet a no compartir-la amb tercers, excepte en els casos en els quals sigui necessari per al funcionament del sistema o quan la llei obligui a aquest efecte. Segons Google no guarda la seva adre\u00e7a IP. Google Inc. \u00e9s una companyia adherida a l&#8217;Acord de Port Segur que garanteix que totes les dades transferides seran tractats amb un nivell de protecci\u00f3 concorde a la normativa europea. Pot consultar informaci\u00f3 detallada referent a aix\u00f2 <a href=\"http:\/\/safeharbor.export.gov\/companyinfo.aspx?id=16626\" target=\"_blank\" rel=\"noopener\">en aquest enlla\u00e7<\/a>. Si desitja informaci\u00f3 sobre l&#8217;\u00fas que Google d\u00f3na a les\u00a0<em>cookies<\/em>\u00a0li <a href=\"https:\/\/developers.google.com\/analytics\/devguides\/collection\/analyticsjs\/cookie-usage?hl=es&amp;csw=1\" target=\"_blank\" rel=\"noopener\">adjuntem aquest altre enlla\u00e7<\/a>.<\/li>\n<li>Per a qualsevol dubte o consulta sobre aquesta pol\u00edtica de\u00a0<em>cookies<\/em>\u00a0no dubti a comunicar-se amb nosaltres a trav\u00e9s de la secci\u00f3 de contacte.<\/li>\n<\/ul>\n<\/div><div class=\"fusion-clearfix\"><\/div><\/div><\/div><\/div><\/div>\n","protected":false},"excerpt":{"rendered":"","protected":false},"author":3,"featured_media":0,"parent":0,"menu_order":0,"comment_status":"closed","ping_status":"closed","template":"","meta":{"footnotes":""},"class_list":["post-16545","page","type-page","status-publish","hentry"],"_links":{"self":[{"href":"http:\/\/internationalcarnavalcup.com\/ca\/wp-json\/wp\/v2\/pages\/16545","targetHints":{"allow":["GET"]}}],"collection":[{"href":"http:\/\/internationalcarnavalcup.com\/ca\/wp-json\/wp\/v2\/pages"}],"about":[{"href":"http:\/\/internationalcarnavalcup.com\/ca\/wp-json\/wp\/v2\/types\/page"}],"author":[{"embeddable":true,"href":"http:\/\/internationalcarnavalcup.com\/ca\/wp-json\/wp\/v2\/users\/3"}],"replies":[{"embeddable":true,"href":"http:\/\/internationalcarnavalcup.com\/ca\/wp-json\/wp\/v2\/comments?post=16545"}],"version-history":[{"count":2,"href":"http:\/\/internationalcarnavalcup.com\/ca\/wp-json\/wp\/v2\/pages\/16545\/revisions"}],"predecessor-version":[{"id":16549,"href":"http:\/\/internationalcarnavalcup.com\/ca\/wp-json\/wp\/v2\/pages\/16545\/revisions\/16549"}],"wp:attachment":[{"href":"http:\/\/internationalcarnavalcup.com\/ca\/wp-json\/wp\/v2\/media?parent=16545"}],"curies":[{"name":"wp","href":"https:\/\/api.w.org\/{rel}","templated":true}]}}